{"id":191,"date":"2020-10-10T18:49:58","date_gmt":"2020-10-10T16:49:58","guid":{"rendered":"http:\/\/secours60.fr\/?page_id=191"},"modified":"2021-03-07T22:31:10","modified_gmt":"2021-03-07T21:31:10","slug":"synos","status":"publish","type":"page","link":"https:\/\/secours60.fr\/index.php\/synos\/","title":{"rendered":"Acc\u00e8s SyNOS : Syst\u00e8me Num\u00e9rique d&rsquo;organisation des Secours."},"content":{"rendered":"\n<h2 class=\"wp-block-heading\">B\u00e9n\u00e9voles de Secours 60, personnels m\u00e9dicaux ou infirmiers, peuvent acc\u00e9der \u00e0 notre outil SyNOS en cliquant ici<\/h2>\n","protected":false},"excerpt":{"rendered":"<p>B\u00e9n\u00e9voles de Secours 60, personnels m\u00e9dicaux ou infirmiers, peuvent acc\u00e9der \u00e0 notre outil SyNOS en cliquant ici<\/p>\n","protected":false},"author":1,"featured_media":0,"parent":0,"menu_order":0,"comment_status":"closed","ping_status":"closed","template":"","meta":[],"_links":{"self":[{"href":"https:\/\/secours60.fr\/index.php\/wp-json\/wp\/v2\/pages\/191"}],"collection":[{"href":"https:\/\/secours60.fr\/index.php\/wp-json\/wp\/v2\/pages"}],"about":[{"href":"https:\/\/secours60.fr\/index.php\/wp-json\/wp\/v2\/types\/page"}],"author":[{"embeddable":true,"href":"https:\/\/secours60.fr\/index.php\/wp-json\/wp\/v2\/users\/1"}],"replies":[{"embeddable":true,"href":"https:\/\/secours60.fr\/index.php\/wp-json\/wp\/v2\/comments?post=191"}],"version-history":[{"count":4,"href":"https:\/\/secours60.fr\/index.php\/wp-json\/wp\/v2\/pages\/191\/revisions"}],"predecessor-version":[{"id":299,"href":"https:\/\/secours60.fr\/index.php\/wp-json\/wp\/v2\/pages\/191\/revisions\/299"}],"wp:attachment":[{"href":"https:\/\/secours60.fr\/index.php\/wp-json\/wp\/v2\/media?parent=191"}],"curies":[{"name":"wp","href":"https:\/\/api.w.org\/{rel}","templated":true}]}}