{"id":220,"date":"2021-03-07T12:43:45","date_gmt":"2021-03-07T11:43:45","guid":{"rendered":"http:\/\/secours60.fr\/index.php\/home\/"},"modified":"2026-03-08T18:18:45","modified_gmt":"2026-03-08T17:18:45","slug":"home","status":"publish","type":"page","link":"https:\/\/secours60.fr\/","title":{"rendered":"Qui sommes nous ?"},"content":{"rendered":"\n<p class=\"has-text-align-center has-dark-gray-color has-text-color\">La f\u00e9d\u00e9ration <mark style=\"background-color:rgba(0, 0, 0, 0)\" class=\"has-inline-color has-dark-gray-color\">Secours 60 est une Association Agr\u00e9\u00e9e de S\u00e9curit\u00e9 Civile (AASC) au niveau national. Elle couvre \u00e0 ce jour, les d\u00e9partements de l&rsquo;Oise et l&rsquo;Aisne de part des associations adh\u00e9rentes : Secours 60 et Secours 02, respectivement dans chacun de ces d\u00e9partements. Ces structures sont capables de vous accompagner dans les couvertures m\u00e9dico-sanitaires pour tous types d\u2019\u00e9v\u00e8nements sportifs, festifs, culturels, salons ou congr\u00e8s<\/mark>, en mutualisant, leurs moyens respectifs.<\/p>\n\n\n\n<p class=\"has-text-align-center has-white-color has-medium-pink-background-color has-text-color has-background\"><strong>Pour nous joindre : 06 21 73 61 23 ou federation@secours60.fr<\/strong><\/p>\n\n\n\n<h2 class=\"wp-block-heading\"><\/h2>\n\n\n\n<p class=\"has-text-align-center\">Nous pensons et mettons en place \u00e0 la demande ou \u00e0 l\u2019ann\u00e9e des dispositifs pr\u00e9visionnels de secours (DPS) allant du Point d\u2019Alerte et de Premiers Secours (PAPS) aux dispositifs de grande envergure (DPS-GE) sur des terrains \u00e0 risques.<\/p>\n\n\n\n<p><\/p>\n\n\n\n<div class=\"wp-block-buttons is-content-justification-center is-layout-flex wp-container-1\">\n<div class=\"wp-block-button\"><a class=\"wp-block-button__link wp-element-button\" href=\"mailto:federation@secours60.fr\" target=\"_blank\" rel=\"noreferrer noopener\">Nous contacter par courriel<\/a><\/div>\n<\/div>\n\n\n\n<p><\/p>\n\n\n\n<p class=\"has-text-align-center\">Nous vous accompagnons d\u00e8s la conception technique du <strong>Plan Directeur des Secours<\/strong> et sur les d\u00e9p\u00f4ts de vos dossiers administratifs \u00e0 destination des autorit\u00e9s et prenons en charge la coordination des secours sur le terrain en coop\u00e9ration avec les services de secours publics.<\/p>\n\n\n\n<figure class=\"wp-block-gallery has-nested-images columns-default is-cropped wp-block-gallery-2 is-layout-flex\">\n<figure class=\"wp-block-image size-large\"><img decoding=\"async\" loading=\"lazy\" width=\"1024\" height=\"768\" data-id=\"111\"  src=\"https:\/\/secours60.fr\/wp-content\/uploads\/2020\/03\/IMG_3189-1024x768.jpeg\" alt=\"\" class=\"wp-image-111\" srcset=\"https:\/\/secours60.fr\/wp-content\/uploads\/2020\/03\/IMG_3189-1024x768.jpeg 1024w, https:\/\/secours60.fr\/wp-content\/uploads\/2020\/03\/IMG_3189-300x225.jpeg 300w, https:\/\/secours60.fr\/wp-content\/uploads\/2020\/03\/IMG_3189-768x576.jpeg 768w\" sizes=\"(max-width: 1024px) 100vw, 1024px\" \/><\/figure>\n<\/figure>\n\n\n\n<p class=\"has-text-align-center\">Les moyens secouristes et m\u00e9dicaux sp\u00e9cialis\u00e9s de Secours 60 engag\u00e9s au service de vos participants. Ils limitent au maximum la survenue ou le retentissement des incidents ou accidents corporels.<\/p>\n\n\n\n<p class=\"has-text-align-center\">Vous les rencontrez sans doute &#8230;<\/p>\n\n\n\n<figure class=\"wp-block-gallery has-nested-images columns-default is-cropped wp-block-gallery-4 is-layout-flex\">\n<figure class=\"wp-block-image size-large\"><img decoding=\"async\" loading=\"lazy\" width=\"669\" height=\"911\" data-id=\"270\"  src=\"https:\/\/secours60.fr\/wp-content\/uploads\/2021\/03\/Alexandre-MARLOT.jpg\" alt=\"\" class=\"wp-image-270\" srcset=\"https:\/\/secours60.fr\/wp-content\/uploads\/2021\/03\/Alexandre-MARLOT.jpg 669w, https:\/\/secours60.fr\/wp-content\/uploads\/2021\/03\/Alexandre-MARLOT-220x300.jpg 220w\" sizes=\"(max-width: 669px) 100vw, 669px\" \/><\/figure>\n\n\n\n<figure class=\"wp-block-image size-large\"><img decoding=\"async\" loading=\"lazy\" width=\"759\" height=\"1024\" data-id=\"272\"  src=\"https:\/\/secours60.fr\/wp-content\/uploads\/2021\/03\/Carole-DECAILLON-759x1024.jpg\" alt=\"\" class=\"wp-image-272\" srcset=\"https:\/\/secours60.fr\/wp-content\/uploads\/2021\/03\/Carole-DECAILLON-759x1024.jpg 759w, https:\/\/secours60.fr\/wp-content\/uploads\/2021\/03\/Carole-DECAILLON-222x300.jpg 222w, https:\/\/secours60.fr\/wp-content\/uploads\/2021\/03\/Carole-DECAILLON-768x1036.jpg 768w, https:\/\/secours60.fr\/wp-content\/uploads\/2021\/03\/Carole-DECAILLON.jpg 1115w\" sizes=\"(max-width: 759px) 100vw, 759px\" \/><\/figure>\n\n\n\n<figure class=\"wp-block-image size-large\"><img decoding=\"async\" loading=\"lazy\" width=\"768\" height=\"1024\" data-id=\"274\"  src=\"https:\/\/secours60.fr\/wp-content\/uploads\/2021\/03\/Elodie-FONTAINE-768x1024.jpg\" alt=\"\" class=\"wp-image-274\" srcset=\"https:\/\/secours60.fr\/wp-content\/uploads\/2021\/03\/Elodie-FONTAINE-768x1024.jpg 768w, https:\/\/secours60.fr\/wp-content\/uploads\/2021\/03\/Elodie-FONTAINE-225x300.jpg 225w, https:\/\/secours60.fr\/wp-content\/uploads\/2021\/03\/Elodie-FONTAINE-1152x1536.jpg 1152w, https:\/\/secours60.fr\/wp-content\/uploads\/2021\/03\/Elodie-FONTAINE-1536x2048.jpg 1536w, https:\/\/secours60.fr\/wp-content\/uploads\/2021\/03\/Elodie-FONTAINE-scaled.jpg 1920w\" sizes=\"(max-width: 768px) 100vw, 768px\" \/><\/figure>\n\n\n\n<figure class=\"wp-block-image size-large\"><img decoding=\"async\" loading=\"lazy\" width=\"768\" height=\"1024\" data-id=\"278\"  src=\"https:\/\/secours60.fr\/wp-content\/uploads\/2021\/03\/Loic-DIJOUX-768x1024.jpg\" alt=\"\" class=\"wp-image-278\" srcset=\"https:\/\/secours60.fr\/wp-content\/uploads\/2021\/03\/Loic-DIJOUX-768x1024.jpg 768w, https:\/\/secours60.fr\/wp-content\/uploads\/2021\/03\/Loic-DIJOUX-225x300.jpg 225w, https:\/\/secours60.fr\/wp-content\/uploads\/2021\/03\/Loic-DIJOUX-1152x1536.jpg 1152w, https:\/\/secours60.fr\/wp-content\/uploads\/2021\/03\/Loic-DIJOUX-1536x2048.jpg 1536w, https:\/\/secours60.fr\/wp-content\/uploads\/2021\/03\/Loic-DIJOUX-scaled.jpg 1920w\" sizes=\"(max-width: 768px) 100vw, 768px\" \/><\/figure>\n\n\n\n<figure class=\"wp-block-image size-large\"><img decoding=\"async\" loading=\"lazy\" width=\"684\" height=\"1024\" data-id=\"279\"  src=\"https:\/\/secours60.fr\/wp-content\/uploads\/2021\/03\/Lucie-BLANGY-684x1024.jpg\" alt=\"\" class=\"wp-image-279\" srcset=\"https:\/\/secours60.fr\/wp-content\/uploads\/2021\/03\/Lucie-BLANGY-684x1024.jpg 684w, https:\/\/secours60.fr\/wp-content\/uploads\/2021\/03\/Lucie-BLANGY-201x300.jpg 201w, https:\/\/secours60.fr\/wp-content\/uploads\/2021\/03\/Lucie-BLANGY-768x1149.jpg 768w, https:\/\/secours60.fr\/wp-content\/uploads\/2021\/03\/Lucie-BLANGY-1027x1536.jpg 1027w, https:\/\/secours60.fr\/wp-content\/uploads\/2021\/03\/Lucie-BLANGY.jpg 1125w\" sizes=\"(max-width: 684px) 100vw, 684px\" \/><\/figure>\n\n\n\n<figure class=\"wp-block-image size-large\"><img decoding=\"async\" loading=\"lazy\" width=\"768\" height=\"1024\" data-id=\"282\"  src=\"https:\/\/secours60.fr\/wp-content\/uploads\/2021\/03\/Nicolas-BOUYER-768x1024.jpg\" alt=\"\" class=\"wp-image-282\" srcset=\"https:\/\/secours60.fr\/wp-content\/uploads\/2021\/03\/Nicolas-BOUYER-768x1024.jpg 768w, https:\/\/secours60.fr\/wp-content\/uploads\/2021\/03\/Nicolas-BOUYER-225x300.jpg 225w, https:\/\/secours60.fr\/wp-content\/uploads\/2021\/03\/Nicolas-BOUYER-1152x1536.jpg 1152w, https:\/\/secours60.fr\/wp-content\/uploads\/2021\/03\/Nicolas-BOUYER-1536x2048.jpg 1536w, https:\/\/secours60.fr\/wp-content\/uploads\/2021\/03\/Nicolas-BOUYER-scaled.jpg 1920w\" sizes=\"(max-width: 768px) 100vw, 768px\" \/><\/figure>\n\n\n\n<figure class=\"wp-block-image size-large\"><img decoding=\"async\" loading=\"lazy\" width=\"768\" height=\"1024\" data-id=\"284\"  src=\"https:\/\/secours60.fr\/wp-content\/uploads\/2021\/03\/Quentin-WISSART-768x1024.jpg\" alt=\"\" class=\"wp-image-284\" srcset=\"https:\/\/secours60.fr\/wp-content\/uploads\/2021\/03\/Quentin-WISSART-768x1024.jpg 768w, https:\/\/secours60.fr\/wp-content\/uploads\/2021\/03\/Quentin-WISSART-225x300.jpg 225w, https:\/\/secours60.fr\/wp-content\/uploads\/2021\/03\/Quentin-WISSART-1152x1536.jpg 1152w, https:\/\/secours60.fr\/wp-content\/uploads\/2021\/03\/Quentin-WISSART-1536x2048.jpg 1536w, https:\/\/secours60.fr\/wp-content\/uploads\/2021\/03\/Quentin-WISSART-scaled.jpg 1920w\" sizes=\"(max-width: 768px) 100vw, 768px\" \/><\/figure>\n\n\n\n<figure class=\"wp-block-image size-large\"><img decoding=\"async\" loading=\"lazy\" width=\"768\" height=\"1024\" data-id=\"285\"  src=\"https:\/\/secours60.fr\/wp-content\/uploads\/2021\/03\/Sandra-GILLET-768x1024.jpg\" alt=\"\" class=\"wp-image-285\" srcset=\"https:\/\/secours60.fr\/wp-content\/uploads\/2021\/03\/Sandra-GILLET-768x1024.jpg 768w, https:\/\/secours60.fr\/wp-content\/uploads\/2021\/03\/Sandra-GILLET-225x300.jpg 225w, https:\/\/secours60.fr\/wp-content\/uploads\/2021\/03\/Sandra-GILLET-1152x1536.jpg 1152w, https:\/\/secours60.fr\/wp-content\/uploads\/2021\/03\/Sandra-GILLET-1536x2048.jpg 1536w, https:\/\/secours60.fr\/wp-content\/uploads\/2021\/03\/Sandra-GILLET-scaled.jpg 1920w\" sizes=\"(max-width: 768px) 100vw, 768px\" \/><\/figure>\n\n\n\n<figure class=\"wp-block-image size-large\"><img decoding=\"async\" loading=\"lazy\" width=\"1024\" height=\"922\" data-id=\"288\"  src=\"https:\/\/secours60.fr\/wp-content\/uploads\/2021\/03\/Victor-MESTRE-1024x922.jpeg\" alt=\"\" class=\"wp-image-288\" srcset=\"https:\/\/secours60.fr\/wp-content\/uploads\/2021\/03\/Victor-MESTRE-1024x922.jpeg 1024w, https:\/\/secours60.fr\/wp-content\/uploads\/2021\/03\/Victor-MESTRE-300x270.jpeg 300w, https:\/\/secours60.fr\/wp-content\/uploads\/2021\/03\/Victor-MESTRE-768x691.jpeg 768w, https:\/\/secours60.fr\/wp-content\/uploads\/2021\/03\/Victor-MESTRE-1536x1382.jpeg 1536w, https:\/\/secours60.fr\/wp-content\/uploads\/2021\/03\/Victor-MESTRE-2048x1843.jpeg 2048w\" sizes=\"(max-width: 1024px) 100vw, 1024px\" \/><\/figure>\n<\/figure>\n\n\n\n<p><\/p>\n\n\n\n<p class=\"has-text-align-center\">Nos \u00e9quipes initient les soins sur le terrain, organisent et coordonnent le transport de victimes jusqu\u2019aux Centres Hospitaliers R\u00e9gionaux sous surveillance continue. Nos moyens sont disponibles 24\/24, 7\/7 gr\u00e2ce \u00e0 notre convention pass\u00e9e avec le SDIS 60 et le SAMU 60. Secours 60 vous propose donc une totale maitrise de la chaine des secours.<\/p>\n\n\n<div class=\"wp-block-image is-style-rounded\">\n<figure class=\"aligncenter size-large is-resized\"><img decoding=\"async\" loading=\"lazy\" src=\"http:\/\/secours60.fr\/wp-content\/uploads\/2021\/03\/coyote-bleu-nuit.png\" alt=\"\" class=\"wp-image-280\" width=\"187\" height=\"187\" srcset=\"https:\/\/secours60.fr\/wp-content\/uploads\/2021\/03\/coyote-bleu-nuit.png 800w, https:\/\/secours60.fr\/wp-content\/uploads\/2021\/03\/coyote-bleu-nuit-300x300.png 300w, https:\/\/secours60.fr\/wp-content\/uploads\/2021\/03\/coyote-bleu-nuit-150x150.png 150w, https:\/\/secours60.fr\/wp-content\/uploads\/2021\/03\/coyote-bleu-nuit-768x768.png 768w\" sizes=\"(max-width: 187px) 100vw, 187px\" \/><\/figure><\/div>\n\n\n<p class=\"has-text-align-center\">Nos \u00e9quipes sont form\u00e9es aux secours en milieu sportif  : <\/p>\n\n\n\n<p class=\"has-text-align-center\">Dipl\u00f4me inter universitaire Urgences et soins de terrain en milieu sportif.<\/p>\n\n\n\n<figure class=\"wp-block-image size-large\"><img decoding=\"async\" loading=\"lazy\" width=\"1024\" height=\"436\" src=\"https:\/\/secours60.fr\/wp-content\/uploads\/2026\/02\/Logo-FEDE-sans-fond-1024x436.png\" alt=\"\" class=\"wp-image-388\" srcset=\"https:\/\/secours60.fr\/wp-content\/uploads\/2026\/02\/Logo-FEDE-sans-fond-1024x436.png 1024w, https:\/\/secours60.fr\/wp-content\/uploads\/2026\/02\/Logo-FEDE-sans-fond-300x128.png 300w, https:\/\/secours60.fr\/wp-content\/uploads\/2026\/02\/Logo-FEDE-sans-fond-768x327.png 768w, https:\/\/secours60.fr\/wp-content\/uploads\/2026\/02\/Logo-FEDE-sans-fond-1536x654.png 1536w, https:\/\/secours60.fr\/wp-content\/uploads\/2026\/02\/Logo-FEDE-sans-fond.png 1591w\" sizes=\"(max-width: 1024px) 100vw, 1024px\" \/><\/figure>\n","protected":false},"excerpt":{"rendered":"<p>La f\u00e9d\u00e9ration Secours 60 est une Association Agr\u00e9\u00e9e de S\u00e9curit\u00e9 Civile (AASC) au niveau national. Elle couvre \u00e0 ce jour, les d\u00e9partements de l&rsquo;Oise et l&rsquo;Aisne de part des associations adh\u00e9rentes : Secours 60 et Secours 02, respectivement dans chacun de ces d\u00e9partements. Ces structures sont capables de vous accompagner dans les couvertures m\u00e9dico-sanitaires pour &hellip; <a href=\"https:\/\/secours60.fr\/\" class=\"more-link\">Continuer la lecture de <span class=\"screen-reader-text\">Qui sommes nous ?<\/span><\/a><\/p>\n","protected":false},"author":1,"featured_media":124,"parent":0,"menu_order":0,"comment_status":"closed","ping_status":"closed","template":"templates\/template-homepage.php","meta":[],"_links":{"self":[{"href":"https:\/\/secours60.fr\/index.php\/wp-json\/wp\/v2\/pages\/220"}],"collection":[{"href":"https:\/\/secours60.fr\/index.php\/wp-json\/wp\/v2\/pages"}],"about":[{"href":"https:\/\/secours60.fr\/index.php\/wp-json\/wp\/v2\/types\/page"}],"author":[{"embeddable":true,"href":"https:\/\/secours60.fr\/index.php\/wp-json\/wp\/v2\/users\/1"}],"replies":[{"embeddable":true,"href":"https:\/\/secours60.fr\/index.php\/wp-json\/wp\/v2\/comments?post=220"}],"version-history":[{"count":40,"href":"https:\/\/secours60.fr\/index.php\/wp-json\/wp\/v2\/pages\/220\/revisions"}],"predecessor-version":[{"id":403,"href":"https:\/\/secours60.fr\/index.php\/wp-json\/wp\/v2\/pages\/220\/revisions\/403"}],"wp:featuredmedia":[{"embeddable":true,"href":"https:\/\/secours60.fr\/index.php\/wp-json\/wp\/v2\/media\/124"}],"wp:attachment":[{"href":"https:\/\/secours60.fr\/index.php\/wp-json\/wp\/v2\/media?parent=220"}],"curies":[{"name":"wp","href":"https:\/\/api.w.org\/{rel}","templated":true}]}}