{"id":80,"date":"2018-07-06T21:01:40","date_gmt":"2018-07-06T19:01:40","guid":{"rendered":"http:\/\/secours60.fr\/?page_id=80"},"modified":"2021-03-07T22:29:29","modified_gmt":"2021-03-07T21:29:29","slug":"comment-demander-un-dispositif-de-secours","status":"publish","type":"page","link":"https:\/\/secours60.fr\/index.php\/comment-demander-un-dispositif-de-secours\/","title":{"rendered":"Quel sera votre Dispositif de Secours ?"},"content":{"rendered":"\n<div class=\"wp-block-file\"><a href=\"http:\/\/secours60.fr\/wp-content\/uploads\/2021\/03\/Fiche-de-Renseignements-Secours-60-1.pdf\">Faire une demande de DPS<\/a><a href=\"http:\/\/secours60.fr\/wp-content\/uploads\/2021\/03\/Fiche-de-Renseignements-Secours-60-1.pdf\" class=\"wp-block-file__button\" download>T\u00e9l\u00e9charger<\/a><\/div>\n\n\n<h5>Point d\u2019alerte et de premiers secours (PAPS)<\/h5>\n<ul>\n<li>Type de manifestation : rassemblant un nombre limit\u00e9 de personnes pour une activit\u00e9 non dangereuse.<\/li>\n<li>Equipe et \u00e9quipement : 2 intervenants secouristes qui disposent d&rsquo;un lot de mat\u00e9riel de premiers secours et d&rsquo;un d\u00e9fibrillateur, en relation avec les secours publics.<\/li>\n<\/ul>\n<p>\u00a0<\/p>\n<h5>Postes de secours de petite envergure<\/h5>\n<ul>\n<li>Type de manifestation : rassemblant de nombreuses personnes<\/li>\n<li>Equipe et \u00e9quipement : une ou deux \u00e9quipes de secours, compos\u00e9es au minimum de deux \u00e9quipiers secouristes (PSE2) et un secouriste (PSE1) encadr\u00e9s par un chef d&rsquo;\u00e9quipe ; le poste dispose un lot de mat\u00e9riel complet et d&rsquo;un v\u00e9hicule d&rsquo;intervention.<\/li>\n<\/ul>\n<h5>Postes de secours de MOYENNE OU GRANDE\u00a0envergure<\/h5>\n<ul>\n<li>Type de manifestation : importante<\/li>\n<li>Equipe et \u00e9quipement : trois \u00e9quipes de secours minimum coordonn\u00e9es par un chef de dispositif exp\u00e9riment\u00e9. La composition de chaque \u00e9quipe est la m\u00eame que pour le poste de secours de petite envergure.<\/li>\n<\/ul>\n\n\n<p><\/p>\n","protected":false},"excerpt":{"rendered":"<p>Point d\u2019alerte et de premiers secours (PAPS) Type de manifestation : rassemblant un nombre limit\u00e9 de personnes pour une activit\u00e9 non dangereuse. Equipe et \u00e9quipement : 2 intervenants secouristes qui disposent d&rsquo;un lot de mat\u00e9riel de premiers secours et d&rsquo;un d\u00e9fibrillateur, en relation avec les secours publics. \u00a0 Postes de secours de petite envergure Type &hellip; <a href=\"https:\/\/secours60.fr\/index.php\/comment-demander-un-dispositif-de-secours\/\" class=\"more-link\">Continuer la lecture de <span class=\"screen-reader-text\">Quel sera votre Dispositif de Secours ?<\/span><\/a><\/p>\n","protected":false},"author":1,"featured_media":0,"parent":0,"menu_order":0,"comment_status":"closed","ping_status":"closed","template":"","meta":[],"_links":{"self":[{"href":"https:\/\/secours60.fr\/index.php\/wp-json\/wp\/v2\/pages\/80"}],"collection":[{"href":"https:\/\/secours60.fr\/index.php\/wp-json\/wp\/v2\/pages"}],"about":[{"href":"https:\/\/secours60.fr\/index.php\/wp-json\/wp\/v2\/types\/page"}],"author":[{"embeddable":true,"href":"https:\/\/secours60.fr\/index.php\/wp-json\/wp\/v2\/users\/1"}],"replies":[{"embeddable":true,"href":"https:\/\/secours60.fr\/index.php\/wp-json\/wp\/v2\/comments?post=80"}],"version-history":[{"count":9,"href":"https:\/\/secours60.fr\/index.php\/wp-json\/wp\/v2\/pages\/80\/revisions"}],"predecessor-version":[{"id":297,"href":"https:\/\/secours60.fr\/index.php\/wp-json\/wp\/v2\/pages\/80\/revisions\/297"}],"wp:attachment":[{"href":"https:\/\/secours60.fr\/index.php\/wp-json\/wp\/v2\/media?parent=80"}],"curies":[{"name":"wp","href":"https:\/\/api.w.org\/{rel}","templated":true}]}}