{"id":9,"date":"2018-07-06T17:21:45","date_gmt":"2018-07-06T15:21:45","guid":{"rendered":"http:\/\/secours60.fr\/?page_id=9"},"modified":"2021-03-07T21:44:09","modified_gmt":"2021-03-07T20:44:09","slug":"contact","status":"publish","type":"page","link":"https:\/\/secours60.fr\/index.php\/contact\/","title":{"rendered":"Nos atouts&#8230;"},"content":{"rendered":"<h5><strong>Des comp\u00e9tences\u00a0au service de vos projets<\/strong><\/h5>\n<p>Dynamiques et passionn\u00e9es par le secourisme, nos \u00e9quipes sont compos\u00e9es de profils compl\u00e9mentaires qui, par leur diversit\u00e9, permettent de r\u00e9pondre \u00e0 toutes situations rencontr\u00e9es, sur tous les terrains.<\/p>\n<h5><strong>Une \u00e9quipe de sp\u00e9cialistes<\/strong><\/h5>\n<p><img decoding=\"async\" loading=\"lazy\" class=\"wp-image-121 aligncenter\" src=\"http:\/\/secours60.fr\/wp-content\/uploads\/2020\/03\/IMG_0634-300x225.jpeg\" alt=\"\" width=\"302\" height=\"403\" \/><\/p>\n<p>Notre \u00e9quipe est compos\u00e9e de professionnels de sant\u00e9, m\u00e9decins, infirmiers, et\u00a0b\u00e9n\u00e9voles aux parcours diff\u00e9rents et partageant un but commun : se positionner en acteur majeur de vos projets.<\/p>\n<p><img decoding=\"async\" loading=\"lazy\" class=\"alignnone  wp-image-103\" src=\"http:\/\/secours60.fr\/wp-content\/uploads\/2020\/03\/IMG_2691-e1583685332840-225x300.jpeg\" alt=\"\" width=\"201\" height=\"268\" srcset=\"https:\/\/secours60.fr\/wp-content\/uploads\/2020\/03\/IMG_2691-e1583685332840-225x300.jpeg 225w, https:\/\/secours60.fr\/wp-content\/uploads\/2020\/03\/IMG_2691-e1583685332840-768x1024.jpeg 768w\" sizes=\"(max-width: 201px) 100vw, 201px\" \/>\u00a0 \u00a0 \u00a0<img decoding=\"async\" loading=\"lazy\" class=\"alignnone  wp-image-101\" src=\"http:\/\/secours60.fr\/wp-content\/uploads\/2020\/03\/IMG_2692-e1583685345962-225x300.jpeg\" alt=\"\" width=\"200\" height=\"267\" srcset=\"https:\/\/secours60.fr\/wp-content\/uploads\/2020\/03\/IMG_2692-e1583685345962-225x300.jpeg 225w, https:\/\/secours60.fr\/wp-content\/uploads\/2020\/03\/IMG_2692-e1583685345962-768x1024.jpeg 768w\" sizes=\"(max-width: 200px) 100vw, 200px\" \/>\u00a0 \u00a0\u00a0<img decoding=\"async\" loading=\"lazy\" class=\"alignnone  wp-image-95\" src=\"http:\/\/secours60.fr\/wp-content\/uploads\/2020\/03\/IMG_1765-e1583685377883-225x300.jpeg\" alt=\"\" width=\"201\" height=\"269\" srcset=\"https:\/\/secours60.fr\/wp-content\/uploads\/2020\/03\/IMG_1765-e1583685377883-225x300.jpeg 225w, https:\/\/secours60.fr\/wp-content\/uploads\/2020\/03\/IMG_1765-e1583685377883-768x1024.jpeg 768w\" sizes=\"(max-width: 201px) 100vw, 201px\" \/><\/p>\n\n\n<figure class=\"wp-block-image size-large\"><img decoding=\"async\" loading=\"lazy\" width=\"1024\" height=\"768\" src=\"http:\/\/secours60.fr\/wp-content\/uploads\/2020\/03\/IMG_0452-1024x768.jpeg\" alt=\"\" class=\"wp-image-118\" srcset=\"https:\/\/secours60.fr\/wp-content\/uploads\/2020\/03\/IMG_0452-1024x768.jpeg 1024w, https:\/\/secours60.fr\/wp-content\/uploads\/2020\/03\/IMG_0452-300x225.jpeg 300w, https:\/\/secours60.fr\/wp-content\/uploads\/2020\/03\/IMG_0452-768x576.jpeg 768w\" sizes=\"(max-width: 1024px) 100vw, 1024px\" \/><figcaption>Nos pr\u00e9sentations en public<\/figcaption><\/figure>\n\n\n\n<p><\/p>\n","protected":false},"excerpt":{"rendered":"<p>Des comp\u00e9tences\u00a0au service de vos projets Dynamiques et passionn\u00e9es par le secourisme, nos \u00e9quipes sont compos\u00e9es de profils compl\u00e9mentaires qui, par leur diversit\u00e9, permettent de r\u00e9pondre \u00e0 toutes situations rencontr\u00e9es, sur tous les terrains. Une \u00e9quipe de sp\u00e9cialistes Notre \u00e9quipe est compos\u00e9e de professionnels de sant\u00e9, m\u00e9decins, infirmiers, et\u00a0b\u00e9n\u00e9voles aux parcours diff\u00e9rents et partageant un &hellip; <a href=\"https:\/\/secours60.fr\/index.php\/contact\/\" class=\"more-link\">Continuer la lecture de <span class=\"screen-reader-text\">Nos atouts&#8230;<\/span><\/a><\/p>\n","protected":false},"author":1,"featured_media":0,"parent":0,"menu_order":0,"comment_status":"closed","ping_status":"closed","template":"","meta":[],"_links":{"self":[{"href":"https:\/\/secours60.fr\/index.php\/wp-json\/wp\/v2\/pages\/9"}],"collection":[{"href":"https:\/\/secours60.fr\/index.php\/wp-json\/wp\/v2\/pages"}],"about":[{"href":"https:\/\/secours60.fr\/index.php\/wp-json\/wp\/v2\/types\/page"}],"author":[{"embeddable":true,"href":"https:\/\/secours60.fr\/index.php\/wp-json\/wp\/v2\/users\/1"}],"replies":[{"embeddable":true,"href":"https:\/\/secours60.fr\/index.php\/wp-json\/wp\/v2\/comments?post=9"}],"version-history":[{"count":12,"href":"https:\/\/secours60.fr\/index.php\/wp-json\/wp\/v2\/pages\/9\/revisions"}],"predecessor-version":[{"id":251,"href":"https:\/\/secours60.fr\/index.php\/wp-json\/wp\/v2\/pages\/9\/revisions\/251"}],"wp:attachment":[{"href":"https:\/\/secours60.fr\/index.php\/wp-json\/wp\/v2\/media?parent=9"}],"curies":[{"name":"wp","href":"https:\/\/api.w.org\/{rel}","templated":true}]}}